{"id":38,"date":"2020-12-06T16:07:40","date_gmt":"2020-12-06T16:07:40","guid":{"rendered":"http:\/\/www.speedstar.cz\/?page_id=38"},"modified":"2025-07-16T07:26:00","modified_gmt":"2025-07-16T07:26:00","slug":"letecka-doprava","status":"publish","type":"page","link":"https:\/\/www.speedstar.cz\/index.php\/letecka-doprava\/","title":{"rendered":"Leteck\u00e1 doprava"},"content":{"rendered":"<h3>exportn\u00ed a importn\u00ed leteck\u00e1 doprava z\u00e1silek<\/h3>\n<ul>\n<li>standartn\u00ed leteckou dopravu z\u00e1silek &#8211; general cargo<\/li>\n<li>expresn\u00ed dopravu z\u00e1silek &#8211; expresn\u00ed z\u00e1silky od dve\u0159\u00ed ke dve\u0159\u00edm &#8211; dokumenty, z\u00e1silky<\/li>\n<li>charterovou dopravu z\u00e1silek<\/li>\n<li>speci\u00e1ln\u00ed dopravu z\u00e1silek &#8211; \u017eiv\u00e1 zv\u00ed\u0159ata, nebezpe\u010dn\u00e9 z\u00e1silky atd<\/li>\n<\/ul>\n<p>&nbsp;<\/p>\n<p><img loading=\"lazy\" decoding=\"async\" class=\"alignnone size-medium wp-image-117\" src=\"http:\/\/www.speedstar.cz\/wp-content\/uploads\/2020\/12\/IMG_20190829_175430-225x300.jpg\" alt=\"\" width=\"225\" height=\"300\" srcset=\"https:\/\/www.speedstar.cz\/wp-content\/uploads\/2020\/12\/IMG_20190829_175430-225x300.jpg 225w, https:\/\/www.speedstar.cz\/wp-content\/uploads\/2020\/12\/IMG_20190829_175430-768x1024.jpg 768w, https:\/\/www.speedstar.cz\/wp-content\/uploads\/2020\/12\/IMG_20190829_175430-1152x1536.jpg 1152w, https:\/\/www.speedstar.cz\/wp-content\/uploads\/2020\/12\/IMG_20190829_175430-1536x2048.jpg 1536w, https:\/\/www.speedstar.cz\/wp-content\/uploads\/2020\/12\/IMG_20190829_175430-1x1.jpg 1w, https:\/\/www.speedstar.cz\/wp-content\/uploads\/2020\/12\/IMG_20190829_175430-scaled.jpg 1920w\" sizes=\"auto, (max-width: 225px) 100vw, 225px\" \/> <img loading=\"lazy\" decoding=\"async\" class=\"alignnone size-medium wp-image-115\" src=\"http:\/\/www.speedstar.cz\/wp-content\/uploads\/2020\/12\/IMG_20201126_131454-300x225.jpg\" alt=\"\" width=\"300\" height=\"225\" srcset=\"https:\/\/www.speedstar.cz\/wp-content\/uploads\/2020\/12\/IMG_20201126_131454-300x225.jpg 300w, https:\/\/www.speedstar.cz\/wp-content\/uploads\/2020\/12\/IMG_20201126_131454-768x576.jpg 768w, https:\/\/www.speedstar.cz\/wp-content\/uploads\/2020\/12\/IMG_20201126_131454-1x1.jpg 1w, https:\/\/www.speedstar.cz\/wp-content\/uploads\/2020\/12\/IMG_20201126_131454.jpg 1024w\" sizes=\"auto, (max-width: 300px) 100vw, 300px\" \/> <img loading=\"lazy\" decoding=\"async\" class=\"alignnone size-medium wp-image-33\" src=\"http:\/\/www.speedstar.cz\/wp-content\/uploads\/2020\/12\/FB_IMG_1607188011943-e1607283609270-300x196.jpg\" alt=\"\" width=\"300\" height=\"196\" srcset=\"https:\/\/www.speedstar.cz\/wp-content\/uploads\/2020\/12\/FB_IMG_1607188011943-e1607283609270-300x196.jpg 300w, https:\/\/www.speedstar.cz\/wp-content\/uploads\/2020\/12\/FB_IMG_1607188011943-e1607283609270-768x501.jpg 768w, https:\/\/www.speedstar.cz\/wp-content\/uploads\/2020\/12\/FB_IMG_1607188011943-e1607283609270-1x1.jpg 1w, https:\/\/www.speedstar.cz\/wp-content\/uploads\/2020\/12\/FB_IMG_1607188011943-e1607283609270.jpg 1024w\" sizes=\"auto, (max-width: 300px) 100vw, 300px\" \/><\/p>\n","protected":false},"excerpt":{"rendered":"<p>exportn\u00ed a importn\u00ed leteck\u00e1 doprava z\u00e1silek standartn\u00ed leteckou dopravu z\u00e1silek &#8211; general cargo expresn\u00ed dopravu z\u00e1silek &#8211; expresn\u00ed z\u00e1silky od dve\u0159\u00ed ke dve\u0159\u00edm &#8211; dokumenty, z\u00e1silky charterovou dopravu z\u00e1silek speci\u00e1ln\u00ed dopravu z\u00e1silek &#8211; \u017eiv\u00e1 zv\u00ed\u0159ata, nebezpe\u010dn\u00e9 z\u00e1silky atd &nbsp;<\/p>\n","protected":false},"author":1,"featured_media":0,"parent":0,"menu_order":0,"comment_status":"closed","ping_status":"closed","template":"full-width.php","meta":{"footnotes":""},"class_list":["post-38","page","type-page","status-publish","hentry"],"_links":{"self":[{"href":"https:\/\/www.speedstar.cz\/index.php\/wp-json\/wp\/v2\/pages\/38","targetHints":{"allow":["GET"]}}],"collection":[{"href":"https:\/\/www.speedstar.cz\/index.php\/wp-json\/wp\/v2\/pages"}],"about":[{"href":"https:\/\/www.speedstar.cz\/index.php\/wp-json\/wp\/v2\/types\/page"}],"author":[{"embeddable":true,"href":"https:\/\/www.speedstar.cz\/index.php\/wp-json\/wp\/v2\/users\/1"}],"replies":[{"embeddable":true,"href":"https:\/\/www.speedstar.cz\/index.php\/wp-json\/wp\/v2\/comments?post=38"}],"version-history":[{"count":8,"href":"https:\/\/www.speedstar.cz\/index.php\/wp-json\/wp\/v2\/pages\/38\/revisions"}],"predecessor-version":[{"id":163,"href":"https:\/\/www.speedstar.cz\/index.php\/wp-json\/wp\/v2\/pages\/38\/revisions\/163"}],"wp:attachment":[{"href":"https:\/\/www.speedstar.cz\/index.php\/wp-json\/wp\/v2\/media?parent=38"}],"curies":[{"name":"wp","href":"https:\/\/api.w.org\/{rel}","templated":true}]}}