{"id":40,"date":"2020-12-06T16:07:40","date_gmt":"2020-12-06T16:07:40","guid":{"rendered":"http:\/\/www.speedstar.cz\/?page_id=40"},"modified":"2025-07-16T07:35:58","modified_gmt":"2025-07-16T07:35:58","slug":"silnicni-doprava","status":"publish","type":"page","link":"https:\/\/www.speedstar.cz\/index.php\/silnicni-doprava\/","title":{"rendered":"Silni\u010dn\u00ed doprava"},"content":{"rendered":"<p>nab\u00edz\u00edme tyto p\u0159epravy silni\u010dn\u00edch z\u00e1silek<\/p>\n<ul>\n<li>celovozov\u00e9 z\u00e1silky &#8211; pron\u00e1jem cel\u00e9ho kamionu<\/li>\n<li>kusov\u00e9 sb\u011brn\u00e9 p\u0159epravy z\u00e1silek<\/li>\n<li>expresn\u00ed p\u0159epravy<\/li>\n<\/ul>\n<p>&nbsp;<\/p>\n<p><img loading=\"lazy\" decoding=\"async\" class=\"alignnone size-medium wp-image-127\" src=\"http:\/\/www.speedstar.cz\/wp-content\/uploads\/2022\/01\/IMG_20211113_121811-300x225.jpg\" alt=\"\" width=\"300\" height=\"225\" srcset=\"https:\/\/www.speedstar.cz\/wp-content\/uploads\/2022\/01\/IMG_20211113_121811-300x225.jpg 300w, https:\/\/www.speedstar.cz\/wp-content\/uploads\/2022\/01\/IMG_20211113_121811-1024x768.jpg 1024w, https:\/\/www.speedstar.cz\/wp-content\/uploads\/2022\/01\/IMG_20211113_121811-768x576.jpg 768w, https:\/\/www.speedstar.cz\/wp-content\/uploads\/2022\/01\/IMG_20211113_121811-1536x1152.jpg 1536w, https:\/\/www.speedstar.cz\/wp-content\/uploads\/2022\/01\/IMG_20211113_121811-2048x1536.jpg 2048w, https:\/\/www.speedstar.cz\/wp-content\/uploads\/2022\/01\/IMG_20211113_121811-1x1.jpg 1w\" sizes=\"auto, (max-width: 300px) 100vw, 300px\" \/> <img loading=\"lazy\" decoding=\"async\" class=\"alignnone size-medium wp-image-128\" src=\"http:\/\/www.speedstar.cz\/wp-content\/uploads\/2022\/01\/IMG_20210608_131220-300x225.jpg\" alt=\"\" width=\"300\" height=\"225\" srcset=\"https:\/\/www.speedstar.cz\/wp-content\/uploads\/2022\/01\/IMG_20210608_131220-300x225.jpg 300w, https:\/\/www.speedstar.cz\/wp-content\/uploads\/2022\/01\/IMG_20210608_131220-1024x768.jpg 1024w, https:\/\/www.speedstar.cz\/wp-content\/uploads\/2022\/01\/IMG_20210608_131220-768x576.jpg 768w, https:\/\/www.speedstar.cz\/wp-content\/uploads\/2022\/01\/IMG_20210608_131220-1536x1152.jpg 1536w, https:\/\/www.speedstar.cz\/wp-content\/uploads\/2022\/01\/IMG_20210608_131220-2048x1536.jpg 2048w, https:\/\/www.speedstar.cz\/wp-content\/uploads\/2022\/01\/IMG_20210608_131220-1x1.jpg 1w\" sizes=\"auto, (max-width: 300px) 100vw, 300px\" \/> <img loading=\"lazy\" decoding=\"async\" class=\"alignnone size-medium wp-image-129\" src=\"http:\/\/www.speedstar.cz\/wp-content\/uploads\/2022\/01\/IMG_20211015_114530-300x225.jpg\" alt=\"\" width=\"300\" height=\"225\" srcset=\"https:\/\/www.speedstar.cz\/wp-content\/uploads\/2022\/01\/IMG_20211015_114530-300x225.jpg 300w, https:\/\/www.speedstar.cz\/wp-content\/uploads\/2022\/01\/IMG_20211015_114530-1024x768.jpg 1024w, https:\/\/www.speedstar.cz\/wp-content\/uploads\/2022\/01\/IMG_20211015_114530-768x576.jpg 768w, https:\/\/www.speedstar.cz\/wp-content\/uploads\/2022\/01\/IMG_20211015_114530-1536x1152.jpg 1536w, https:\/\/www.speedstar.cz\/wp-content\/uploads\/2022\/01\/IMG_20211015_114530-2048x1536.jpg 2048w, https:\/\/www.speedstar.cz\/wp-content\/uploads\/2022\/01\/IMG_20211015_114530-1x1.jpg 1w\" sizes=\"auto, (max-width: 300px) 100vw, 300px\" \/> <img loading=\"lazy\" decoding=\"async\" class=\"alignnone size-medium wp-image-130\" src=\"http:\/\/www.speedstar.cz\/wp-content\/uploads\/2022\/01\/IMG_20211007_130606-300x225.jpg\" alt=\"\" width=\"300\" height=\"225\" srcset=\"https:\/\/www.speedstar.cz\/wp-content\/uploads\/2022\/01\/IMG_20211007_130606-300x225.jpg 300w, https:\/\/www.speedstar.cz\/wp-content\/uploads\/2022\/01\/IMG_20211007_130606-1024x768.jpg 1024w, https:\/\/www.speedstar.cz\/wp-content\/uploads\/2022\/01\/IMG_20211007_130606-768x576.jpg 768w, https:\/\/www.speedstar.cz\/wp-content\/uploads\/2022\/01\/IMG_20211007_130606-1536x1152.jpg 1536w, https:\/\/www.speedstar.cz\/wp-content\/uploads\/2022\/01\/IMG_20211007_130606-2048x1536.jpg 2048w, https:\/\/www.speedstar.cz\/wp-content\/uploads\/2022\/01\/IMG_20211007_130606-1x1.jpg 1w\" sizes=\"auto, (max-width: 300px) 100vw, 300px\" \/><\/p>\n","protected":false},"excerpt":{"rendered":"<p>nab\u00edz\u00edme tyto p\u0159epravy silni\u010dn\u00edch z\u00e1silek celovozov\u00e9 z\u00e1silky &#8211; pron\u00e1jem cel\u00e9ho kamionu kusov\u00e9 sb\u011brn\u00e9 p\u0159epravy z\u00e1silek expresn\u00ed p\u0159epravy &nbsp;<\/p>\n","protected":false},"author":1,"featured_media":0,"parent":0,"menu_order":4,"comment_status":"closed","ping_status":"closed","template":"full-width.php","meta":{"footnotes":""},"class_list":["post-40","page","type-page","status-publish","hentry"],"_links":{"self":[{"href":"https:\/\/www.speedstar.cz\/index.php\/wp-json\/wp\/v2\/pages\/40","targetHints":{"allow":["GET"]}}],"collection":[{"href":"https:\/\/www.speedstar.cz\/index.php\/wp-json\/wp\/v2\/pages"}],"about":[{"href":"https:\/\/www.speedstar.cz\/index.php\/wp-json\/wp\/v2\/types\/page"}],"author":[{"embeddable":true,"href":"https:\/\/www.speedstar.cz\/index.php\/wp-json\/wp\/v2\/users\/1"}],"replies":[{"embeddable":true,"href":"https:\/\/www.speedstar.cz\/index.php\/wp-json\/wp\/v2\/comments?post=40"}],"version-history":[{"count":11,"href":"https:\/\/www.speedstar.cz\/index.php\/wp-json\/wp\/v2\/pages\/40\/revisions"}],"predecessor-version":[{"id":165,"href":"https:\/\/www.speedstar.cz\/index.php\/wp-json\/wp\/v2\/pages\/40\/revisions\/165"}],"wp:attachment":[{"href":"https:\/\/www.speedstar.cz\/index.php\/wp-json\/wp\/v2\/media?parent=40"}],"curies":[{"name":"wp","href":"https:\/\/api.w.org\/{rel}","templated":true}]}}