{"id":41,"date":"2020-12-06T16:07:40","date_gmt":"2020-12-06T16:07:40","guid":{"rendered":"http:\/\/www.speedstar.cz\/?page_id=41"},"modified":"2022-01-28T13:22:51","modified_gmt":"2022-01-28T13:22:51","slug":"celni-sluzby","status":"publish","type":"page","link":"https:\/\/www.speedstar.cz\/index.php\/celni-sluzby\/","title":{"rendered":"Celn\u00ed slu\u017eby"},"content":{"rendered":"<p><strong>leti\u0161t\u011b Praha Ruzyn\u011b<\/strong> &#8211; exportn\u00ed a importn\u00ed clen\u00ed leteck\u00fdch z\u00e1silek<\/p>\n<p><strong>vnitrozem\u00ed<\/strong> <strong>celn\u00ed \u00fa\u0159ady<\/strong>&#8211; exportn\u00ed a importn\u00ed cleni, vystaven\u00ed T1,CARNETY<\/p>\n<p><img loading=\"lazy\" decoding=\"async\" class=\"alignnone size-medium wp-image-70\" src=\"http:\/\/www.speedstar.cz\/wp-content\/uploads\/2020\/12\/VDD-214x300.jpg\" alt=\"\" width=\"214\" height=\"300\" srcset=\"https:\/\/www.speedstar.cz\/wp-content\/uploads\/2020\/12\/VDD-214x300.jpg 214w, https:\/\/www.speedstar.cz\/wp-content\/uploads\/2020\/12\/VDD-729x1024.jpg 729w, https:\/\/www.speedstar.cz\/wp-content\/uploads\/2020\/12\/VDD-768x1079.jpg 768w, https:\/\/www.speedstar.cz\/wp-content\/uploads\/2020\/12\/VDD-1094x1536.jpg 1094w, https:\/\/www.speedstar.cz\/wp-content\/uploads\/2020\/12\/VDD-1458x2048.jpg 1458w, https:\/\/www.speedstar.cz\/wp-content\/uploads\/2020\/12\/VDD-1x1.jpg 1w, https:\/\/www.speedstar.cz\/wp-content\/uploads\/2020\/12\/VDD.jpg 1567w\" sizes=\"auto, (max-width: 214px) 100vw, 214px\" \/><img loading=\"lazy\" decoding=\"async\" class=\"size-medium wp-image-147 alignleft\" src=\"http:\/\/www.speedstar.cz\/wp-content\/uploads\/2022\/01\/1200px-ATA_Carnet-300x252.png\" alt=\"\" width=\"300\" height=\"252\" srcset=\"https:\/\/www.speedstar.cz\/wp-content\/uploads\/2022\/01\/1200px-ATA_Carnet-300x252.png 300w, https:\/\/www.speedstar.cz\/wp-content\/uploads\/2022\/01\/1200px-ATA_Carnet-1024x859.png 1024w, https:\/\/www.speedstar.cz\/wp-content\/uploads\/2022\/01\/1200px-ATA_Carnet-768x644.png 768w, https:\/\/www.speedstar.cz\/wp-content\/uploads\/2022\/01\/1200px-ATA_Carnet.png 1200w\" sizes=\"auto, (max-width: 300px) 100vw, 300px\" \/><\/p>\n\n\n<p><\/p>\n","protected":false},"excerpt":{"rendered":"<p>leti\u0161t\u011b Praha Ruzyn\u011b &#8211; exportn\u00ed a importn\u00ed clen\u00ed leteck\u00fdch z\u00e1silek vnitrozem\u00ed celn\u00ed \u00fa\u0159ady&#8211; exportn\u00ed a importn\u00ed cleni, vystaven\u00ed T1,CARNETY<\/p>\n","protected":false},"author":1,"featured_media":0,"parent":0,"menu_order":0,"comment_status":"closed","ping_status":"closed","template":"full-width.php","meta":{"footnotes":""},"class_list":["post-41","page","type-page","status-publish","hentry"],"_links":{"self":[{"href":"https:\/\/www.speedstar.cz\/index.php\/wp-json\/wp\/v2\/pages\/41","targetHints":{"allow":["GET"]}}],"collection":[{"href":"https:\/\/www.speedstar.cz\/index.php\/wp-json\/wp\/v2\/pages"}],"about":[{"href":"https:\/\/www.speedstar.cz\/index.php\/wp-json\/wp\/v2\/types\/page"}],"author":[{"embeddable":true,"href":"https:\/\/www.speedstar.cz\/index.php\/wp-json\/wp\/v2\/users\/1"}],"replies":[{"embeddable":true,"href":"https:\/\/www.speedstar.cz\/index.php\/wp-json\/wp\/v2\/comments?post=41"}],"version-history":[{"count":10,"href":"https:\/\/www.speedstar.cz\/index.php\/wp-json\/wp\/v2\/pages\/41\/revisions"}],"predecessor-version":[{"id":150,"href":"https:\/\/www.speedstar.cz\/index.php\/wp-json\/wp\/v2\/pages\/41\/revisions\/150"}],"wp:attachment":[{"href":"https:\/\/www.speedstar.cz\/index.php\/wp-json\/wp\/v2\/media?parent=41"}],"curies":[{"name":"wp","href":"https:\/\/api.w.org\/{rel}","templated":true}]}}