{"id":8,"date":"2020-12-06T15:13:05","date_gmt":"2020-12-06T15:13:05","guid":{"rendered":"http:\/\/www.speedstar.cz\/?page_id=8"},"modified":"2022-01-28T13:23:26","modified_gmt":"2022-01-28T13:23:26","slug":"kontakt","status":"publish","type":"page","link":"https:\/\/www.speedstar.cz\/index.php\/kontakt\/","title":{"rendered":"Kontakt"},"content":{"rendered":"<p>telefon: + 420 603 45 30 47<\/p>\n<p>email: speedstar@speedstar.cz<\/p>\n<p>www.speedstar.cz<\/p>\n<hr \/>\n<p>adresa:<\/p>\n<p>SPEED STAR CARGO s.r.o.<\/p>\n<p>K\u0159enova 7<\/p>\n<p>Praha 6<\/p>\n<p>161 00<\/p>\n<p>I\u010d:28913141<\/p>\n<p>Di\u010d:CZ28913141<\/p>\n","protected":false},"excerpt":{"rendered":"<p>telefon: + 420 603 45 30 47 email: speedstar@speedstar.cz www.speedstar.cz adresa: SPEED STAR CARGO s.r.o. K\u0159enova 7 Praha 6 161 00 I\u010d:28913141 Di\u010d:CZ28913141<\/p>\n","protected":false},"author":1,"featured_media":0,"parent":0,"menu_order":0,"comment_status":"closed","ping_status":"closed","template":"full-width.php","meta":{"footnotes":""},"class_list":["post-8","page","type-page","status-publish","hentry"],"_links":{"self":[{"href":"https:\/\/www.speedstar.cz\/index.php\/wp-json\/wp\/v2\/pages\/8","targetHints":{"allow":["GET"]}}],"collection":[{"href":"https:\/\/www.speedstar.cz\/index.php\/wp-json\/wp\/v2\/pages"}],"about":[{"href":"https:\/\/www.speedstar.cz\/index.php\/wp-json\/wp\/v2\/types\/page"}],"author":[{"embeddable":true,"href":"https:\/\/www.speedstar.cz\/index.php\/wp-json\/wp\/v2\/users\/1"}],"replies":[{"embeddable":true,"href":"https:\/\/www.speedstar.cz\/index.php\/wp-json\/wp\/v2\/comments?post=8"}],"version-history":[{"count":7,"href":"https:\/\/www.speedstar.cz\/index.php\/wp-json\/wp\/v2\/pages\/8\/revisions"}],"predecessor-version":[{"id":151,"href":"https:\/\/www.speedstar.cz\/index.php\/wp-json\/wp\/v2\/pages\/8\/revisions\/151"}],"wp:attachment":[{"href":"https:\/\/www.speedstar.cz\/index.php\/wp-json\/wp\/v2\/media?parent=8"}],"curies":[{"name":"wp","href":"https:\/\/api.w.org\/{rel}","templated":true}]}}