{"id":97,"date":"2020-12-06T17:32:16","date_gmt":"2020-12-06T17:32:16","guid":{"rendered":"http:\/\/www.speedstar.cz\/?page_id=97"},"modified":"2025-07-16T07:21:40","modified_gmt":"2025-07-16T07:21:40","slug":"o-nas-2","status":"publish","type":"page","link":"https:\/\/www.speedstar.cz\/","title":{"rendered":"O n\u00e1s"},"content":{"rendered":"<p><img loading=\"lazy\" decoding=\"async\" class=\"alignnone size-medium wp-image-11\" src=\"http:\/\/www.speedstar.cz\/wp-content\/uploads\/2020\/12\/customLogo.gif-300x150.jpg\" alt=\"SPEED STAR CARGO\" width=\"300\" height=\"150\" srcset=\"https:\/\/www.speedstar.cz\/wp-content\/uploads\/2020\/12\/customLogo.gif-300x150.jpg 300w, https:\/\/www.speedstar.cz\/wp-content\/uploads\/2020\/12\/customLogo.gif.jpg 355w\" sizes=\"auto, (max-width: 300px) 100vw, 300px\" \/><\/p>\n<p>&nbsp;<\/p>\n<p>jsme \u010cesk\u00e1 spedi\u010dn\u00ed firma zalo\u017eena roku 1997 &#8230;<\/p>\n<p>na\u0161e slu\u017eby poskytujeme na leti\u0161ti v Praze Ruzyni<\/p>\n<p>poskytujeme kompletn\u00ed logistick\u00e9 a celn\u00ed slu\u017eby<\/p>\n<p>&nbsp;<\/p>\n<p><img loading=\"lazy\" decoding=\"async\" class=\"alignnone size-full wp-image-156\" src=\"http:\/\/www.speedstar.cz\/wp-content\/uploads\/2022\/01\/stazeny-soubor-1.jpg\" alt=\"\" width=\"268\" height=\"188\" \/><\/p>\n","protected":false},"excerpt":{"rendered":"<p>&nbsp; jsme \u010cesk\u00e1 spedi\u010dn\u00ed firma zalo\u017eena roku 1997 &#8230; na\u0161e slu\u017eby poskytujeme na leti\u0161ti v Praze Ruzyni poskytujeme kompletn\u00ed logistick\u00e9 a celn\u00ed slu\u017eby &nbsp;<\/p>\n","protected":false},"author":1,"featured_media":0,"parent":0,"menu_order":0,"comment_status":"closed","ping_status":"closed","template":"full-width.php","meta":{"footnotes":""},"class_list":["post-97","page","type-page","status-publish","hentry"],"_links":{"self":[{"href":"https:\/\/www.speedstar.cz\/index.php\/wp-json\/wp\/v2\/pages\/97","targetHints":{"allow":["GET"]}}],"collection":[{"href":"https:\/\/www.speedstar.cz\/index.php\/wp-json\/wp\/v2\/pages"}],"about":[{"href":"https:\/\/www.speedstar.cz\/index.php\/wp-json\/wp\/v2\/types\/page"}],"author":[{"embeddable":true,"href":"https:\/\/www.speedstar.cz\/index.php\/wp-json\/wp\/v2\/users\/1"}],"replies":[{"embeddable":true,"href":"https:\/\/www.speedstar.cz\/index.php\/wp-json\/wp\/v2\/comments?post=97"}],"version-history":[{"count":5,"href":"https:\/\/www.speedstar.cz\/index.php\/wp-json\/wp\/v2\/pages\/97\/revisions"}],"predecessor-version":[{"id":161,"href":"https:\/\/www.speedstar.cz\/index.php\/wp-json\/wp\/v2\/pages\/97\/revisions\/161"}],"wp:attachment":[{"href":"https:\/\/www.speedstar.cz\/index.php\/wp-json\/wp\/v2\/media?parent=97"}],"curies":[{"name":"wp","href":"https:\/\/api.w.org\/{rel}","templated":true}]}}